{"id":111,"date":"2013-10-24T17:12:55","date_gmt":"2013-10-24T14:12:55","guid":{"rendered":"http:\/\/enif.ee\/?page_id=111"},"modified":"2015-06-08T17:13:53","modified_gmt":"2015-06-08T14:13:53","slug":"esileht","status":"publish","type":"page","link":"https:\/\/enif.ee\/","title":{"rendered":"Avaleht"},"content":{"rendered":"<p>SA Eesti N\u00e4gemispuuetega Inimeste Fond &#8211; partner rahvusvahelistes projektides.<\/p>\n<p><a title=\"EADEA\" href=\"http:\/\/www.eadea.eu\/\"><strong>EADEA<\/strong><\/a> <strong>&#8211;<\/strong> <strong>Equal Access to Development Education for All<\/strong><br \/>\n<img class=\"alignnone\" title=\"projekti EADEA logo\" src=\"http:\/\/enif.ee\/wp-content\/uploads\/2012\/04\/EADEA_logo.jpg\" alt=\"\" \/><br \/>\nProjekt  \u201eV\u00f5rdne ligip\u00e4\u00e4s maailmaharidusele\u201c (EADEA) on EL programmist EuropeAid rahastatud projekt, mis algas 1. m\u00e4rtsil 2013 ja kestab kaks aastat.<br \/>\nEADEA projekti elluviivad partnerid on j\u00e4rgmistest riikidest:  Austria (Suedwind Agentur), Bulgaaria (ADRA Bulgaaria Sihtasutus), Eesti (Sihtasutus Eesti N\u00e4gemispuuetega Inimeste Fond), Rwanda (ADRA Rwanda),  lisaks assotsieerunud partner Horvaatiast (Zagrebi T\u00fcfloloogia Muuseum).   <\/p>\n<p>\n<a href=\"http:\/\/enif.ee\/wp-content\/uploads\/2012\/04\/europeaid_logo_150.jpg\"><img loading=\"lazy\" src=\"http:\/\/enif.ee\/wp-content\/uploads\/2012\/04\/europeaid_logo_150.jpg\" alt=\"europeaid_logo_150\" width=\"150\" height=\"56\" class=\"alignleft size-full wp-image-163\" \/><\/a><small>Projekti on rahaliselt toetanud Euroopa Komisjon. Publikatsiooni sisu peegeldab autori seisukohti ja Euroopa Komisjon ei ole vastutav selles sisalduva informatsiooni kasutamise eest.<\/small><\/p>\n","protected":false},"excerpt":{"rendered":"<p>SA Eesti N\u00e4gemispuuetega Inimeste Fond &#8211; partner rahvusvahelistes projektides. EADEA &#8211; Equal Access to Development Education for All Projekt \u201eV\u00f5rdne ligip\u00e4\u00e4s maailmaharidusele\u201c (EADEA) on EL programmist EuropeAid rahastatud projekt, mis algas 1. m\u00e4rtsil 2013 ja kestab kaks aastat. EADEA projekti &hellip; <a href=\"https:\/\/enif.ee\/\">Continue reading <span class=\"meta-nav\">&rarr;<\/span><\/a><\/p>\n","protected":false},"author":1,"featured_media":0,"parent":0,"menu_order":0,"comment_status":"closed","ping_status":"open","template":"","meta":[],"_links":{"self":[{"href":"https:\/\/enif.ee\/index.php?rest_route=\/wp\/v2\/pages\/111"}],"collection":[{"href":"https:\/\/enif.ee\/index.php?rest_route=\/wp\/v2\/pages"}],"about":[{"href":"https:\/\/enif.ee\/index.php?rest_route=\/wp\/v2\/types\/page"}],"author":[{"embeddable":true,"href":"https:\/\/enif.ee\/index.php?rest_route=\/wp\/v2\/users\/1"}],"replies":[{"embeddable":true,"href":"https:\/\/enif.ee\/index.php?rest_route=%2Fwp%2Fv2%2Fcomments&post=111"}],"version-history":[{"count":21,"href":"https:\/\/enif.ee\/index.php?rest_route=\/wp\/v2\/pages\/111\/revisions"}],"predecessor-version":[{"id":180,"href":"https:\/\/enif.ee\/index.php?rest_route=\/wp\/v2\/pages\/111\/revisions\/180"}],"wp:attachment":[{"href":"https:\/\/enif.ee\/index.php?rest_route=%2Fwp%2Fv2%2Fmedia&parent=111"}],"curies":[{"name":"wp","href":"https:\/\/api.w.org\/{rel}","templated":true}]}}