{"id":125,"date":"2013-10-24T20:21:30","date_gmt":"2013-10-24T17:21:30","guid":{"rendered":"http:\/\/enif.ee\/?page_id=125"},"modified":"2015-06-08T17:23:48","modified_gmt":"2015-06-08T14:23:48","slug":"hefore","status":"publish","type":"page","link":"https:\/\/enif.ee\/?page_id=125","title":{"rendered":"HEFORE"},"content":{"rendered":"<p><strong><a href=\"http:\/\/hefore.blogspot.com\">HEFORE<\/a> &#8211; Heritage for Everybody<\/strong><\/p>\n<p><img loading=\"lazy\" title=\"projekti HEFORE logo\" src=\"http:\/\/enif.ee\/wp-content\/uploads\/2012\/04\/hefore_transp.png\" alt=\"\" width=\"229\" height=\"128\" \/><br \/>\nProjekti  \u201eKultuurip\u00e4rand k\u00f5igile\u201c peamine eesm\u00e4rk oli avada kultuuriinstitutsioonid  (sh muuseumid, kultuurilist meelelahutust pakkuvate  mittetulunduslike organisatsioonide programmid) k\u00f5igile k\u00fclastajatele s\u00f5ltumata nende vanusest, religioonist,  rahvuslikust v\u00f5i sotsiaalsest p\u00e4ritolust, majanduslikust seisundist jm staatusest. <\/p>\n<p>Projekti alameesm\u00e4rk oli muuta muuseumid koos ekspositsioone tutvustavate hariduslike programmidega  ligip\u00e4\u00e4setavaks k\u00f5igile elanikkonna  gruppidele sh erivajadustega inimestele. <\/p>\n<p>Projekti raames toimusid \u00f5ppevisiidid kaheksasse projekti partnerriiki (Belgia, Eesti, Itaalia, L\u00e4ti Rumeenia, Poola, Portugal, Prantsusmaa, Rumeenia),  mille k\u00e4igus  tutvuti kohalike kultuuriinstitutsioonidega (muuseumid, kunstigaleriid, teatrid, kultuurikeskused) ja osaleti kohalikke kultuuri- ja kunstitraditsioone tutvustavates temaatilistes t\u00f6\u00f6tubades.  <\/p>\n<p>Eesti programmi raames korraldas SA ENIF 2011.a. juulis Tallinnas rahvusvahelise t\u00f6\u00f6toa \u201eMuuseumite ja nende programmide ligip\u00e4\u00e4setavus erivajadustega inimestele\u201c. SA ENIF poolt t\u00f6\u00f6tati v\u00e4lja k\u00fcsimustik muuseumite ligip\u00e4\u00e4setavuse hindamiseks ja juhendmaterjal ligip\u00e4\u00e4setavuse m\u00f5iste selgitamiseks. Mitmed partnerid kasutasid projekti v\u00e4ltel k\u00fcsimustikku oma institutsioonide ligip\u00e4\u00e4setavuse olukorra hindamiseks. <\/p>\n<p>Projekti tulemusena valmis partnerriikides loovust ja loomingulisust arendavates \u00f5pitubades kasutatud ja osalenute poolt testitud innovatiivseid \u00f5petamismeetodeid (pedagoogilised kaardid, videod jms) sisaldav \u201eAardelaegas\u201c (DVD).\n<\/p>\n<p><img class=\"alignnone\" title=\"Grundtvig_logo\" src=\"http:\/\/enif.ee\/wp-content\/uploads\/2012\/04\/DEF_flag-logoeac-LLP_EN.png\" alt=\"\" \/><\/p>\n<p><small>Projekti on rahaliselt toetanud Euroopa Komisjon. Publikatsiooni sisu peegeldab autori seisukohti ja Euroopa Komisjon ei ole vastutav selles sisalduva informatsiooni kasutamise eest.<\/small><\/p>\n","protected":false},"excerpt":{"rendered":"<p>HEFORE &#8211; Heritage for Everybody Projekti \u201eKultuurip\u00e4rand k\u00f5igile\u201c peamine eesm\u00e4rk oli avada kultuuriinstitutsioonid (sh muuseumid, kultuurilist meelelahutust pakkuvate mittetulunduslike organisatsioonide programmid) k\u00f5igile k\u00fclastajatele s\u00f5ltumata nende vanusest, religioonist, rahvuslikust v\u00f5i sotsiaalsest p\u00e4ritolust, majanduslikust seisundist jm staatusest. Projekti alameesm\u00e4rk oli muuta muuseumid &hellip; <a href=\"https:\/\/enif.ee\/?page_id=125\">Continue reading <span class=\"meta-nav\">&rarr;<\/span><\/a><\/p>\n","protected":false},"author":1,"featured_media":0,"parent":181,"menu_order":0,"comment_status":"closed","ping_status":"open","template":"","meta":[],"_links":{"self":[{"href":"https:\/\/enif.ee\/index.php?rest_route=\/wp\/v2\/pages\/125"}],"collection":[{"href":"https:\/\/enif.ee\/index.php?rest_route=\/wp\/v2\/pages"}],"about":[{"href":"https:\/\/enif.ee\/index.php?rest_route=\/wp\/v2\/types\/page"}],"author":[{"embeddable":true,"href":"https:\/\/enif.ee\/index.php?rest_route=\/wp\/v2\/users\/1"}],"replies":[{"embeddable":true,"href":"https:\/\/enif.ee\/index.php?rest_route=%2Fwp%2Fv2%2Fcomments&post=125"}],"version-history":[{"count":6,"href":"https:\/\/enif.ee\/index.php?rest_route=\/wp\/v2\/pages\/125\/revisions"}],"predecessor-version":[{"id":159,"href":"https:\/\/enif.ee\/index.php?rest_route=\/wp\/v2\/pages\/125\/revisions\/159"}],"up":[{"embeddable":true,"href":"https:\/\/enif.ee\/index.php?rest_route=\/wp\/v2\/pages\/181"}],"wp:attachment":[{"href":"https:\/\/enif.ee\/index.php?rest_route=%2Fwp%2Fv2%2Fmedia&parent=125"}],"curies":[{"name":"wp","href":"https:\/\/api.w.org\/{rel}","templated":true}]}}