{"id":128,"date":"2013-10-24T20:25:06","date_gmt":"2013-10-24T17:25:06","guid":{"rendered":"http:\/\/enif.ee\/?page_id=128"},"modified":"2015-06-08T17:24:29","modified_gmt":"2015-06-08T14:24:29","slug":"enable","status":"publish","type":"page","link":"https:\/\/enif.ee\/?page_id=128","title":{"rendered":"ENABLE"},"content":{"rendered":"<p><a title=\"ENABLE\" href=\"http:\/\/i-enable.eu\/\"><strong>ENABLE<\/strong><\/a> <strong>&#8211;<\/strong> <strong>Network of ICT supported Learning for Disabled People<\/strong><\/p>\n<p><img class=\"alignnone\" title=\"projekti ENABLE logo\" alt=\"\" src=\"http:\/\/enif.ee\/wp-content\/uploads\/2012\/04\/logo.png\" \/><br \/>\nENABLE(Network of ICT supported Learning for Disabled People) v\u00f5rgustik arendab projekti k\u00e4igus v\u00e4lja \u00fcleeuroopalise tegevusprogrammi, et koguda informatsiooni ja selgitada v\u00e4lja, milliseid IKT vahendeid kasutatakse puuetega inimeste koolitamisel nii formaalses kui mitteformaalse hariduses. Samuti selgitatakse v\u00e4lja v\u00f5imalused, kuidas IKT lahendusi puuetega inimeste elukestvas \u00f5ppes paremini kasutada.<\/p>\n<p>Puuetega inimestel on sageli t\u00f5siseid takistusi juurdep\u00e4\u00e4sul haridusele ja t\u00f6\u00f6turule. Nende takistuste \u00fcletamise \u00fcheks v\u00f5imaluseks on IKT lahenduste kasutamine puuetega inimeste ja nende koolitajate poolt.<\/p>\n<p>ENABLE v\u00f5rgustik kogub informatsiooni ja selgitab v\u00e4lja IKT lahenduste kasutamise v\u00f5imalused elukestvaks \u00f5ppeks puuetega t\u00e4iskasvanute seas.<\/p>\n<p>Projekti etapid h\u00f5lmavad andmete kogumist olemasolevate puuetega inimeste \u00f5ppimist toetavate IKT lahenduste kohta ning kogutud andmete kategoriseerimist ja anal\u00fc\u00fcsi.<\/p>\n<p>Projekti tulemusena valmib:<\/p>\n<ul>\n<li>\u00fclevaade olemasolevatest info- ja kommunikatsioonitehnoloogia lahendustest, mis toetavad puuetega inimeste elukestvat \u00f5pet;<\/li>\n<li>puuetega inimeste poolt \u00f5pingutes kasutatavate IKT lahenduste andmebaas sh l\u00f5ppkasutajate kommentaarid;<\/li>\n<li>online t\u00e4iendkoolituskursus t\u00e4iskasvanuhariduse koolitajatele ja teistele spetsialistidele, kes puutuvad kokku puuetega inimeste \u00f5petamisega;<\/li>\n<li>metodoloogia puuetega \u00f5ppurite poolt kasutatava info- ja kommunikatsioonitehnoloogia lahenduste kategoriseerimiseks ja hindamiseks;<\/li>\n<li>v\u00f5rdlev \u00fclevaade puuetega inimeste haridusv\u00f5imalustest \u00fcheteistk\u00fcmnes Euroopa Liidu liikmesriigis (Sloveenia, Poola, Saksamaa, \u00dchendkuningriik, Soome, Leedu, Slovakkia, Kreeka, Iirimaa, Itaalia, Eesti).<\/li>\n<\/ul>\n<p>Projekti tulemuste levitamiseks korraldatakse kaks rahvusvahelist konverentsi, 2013. aasta augustis Glasgows ja 2014. aasta juunis Yorkis.<br \/>\nRohkem infot projekti ENABLE kohta kodulehelt <a href=\"http:\/\/www.i-enable.eu\" title=\"http:\/\/www.i-enable.eu\">http:\/\/www.i-enable.eu<\/a>.<\/p>\n<p><img class=\"alignnone\" title=\"logoeac\" alt=\"\" src=\"http:\/\/enif.ee\/wp-content\/uploads\/2012\/04\/DEF_flag-logoeac-LLP_EN.png\" \/><\/p>\n<p><small>Projekti on rahaliselt toetanud Euroopa Komisjon. Publikatsiooni sisu peegeldab autori seisukohti ja Euroopa Komisjon ei ole vastutav selles sisalduva informatsiooni kasutamise eest.<\/small><\/p>\n","protected":false},"excerpt":{"rendered":"<p>ENABLE &#8211; Network of ICT supported Learning for Disabled People ENABLE(Network of ICT supported Learning for Disabled People) v\u00f5rgustik arendab projekti k\u00e4igus v\u00e4lja \u00fcleeuroopalise tegevusprogrammi, et koguda informatsiooni ja selgitada v\u00e4lja, milliseid IKT vahendeid kasutatakse puuetega inimeste koolitamisel nii formaalses &hellip; <a href=\"https:\/\/enif.ee\/?page_id=128\">Continue reading <span class=\"meta-nav\">&rarr;<\/span><\/a><\/p>\n","protected":false},"author":1,"featured_media":0,"parent":181,"menu_order":0,"comment_status":"closed","ping_status":"open","template":"","meta":[],"_links":{"self":[{"href":"https:\/\/enif.ee\/index.php?rest_route=\/wp\/v2\/pages\/128"}],"collection":[{"href":"https:\/\/enif.ee\/index.php?rest_route=\/wp\/v2\/pages"}],"about":[{"href":"https:\/\/enif.ee\/index.php?rest_route=\/wp\/v2\/types\/page"}],"author":[{"embeddable":true,"href":"https:\/\/enif.ee\/index.php?rest_route=\/wp\/v2\/users\/1"}],"replies":[{"embeddable":true,"href":"https:\/\/enif.ee\/index.php?rest_route=%2Fwp%2Fv2%2Fcomments&post=128"}],"version-history":[{"count":9,"href":"https:\/\/enif.ee\/index.php?rest_route=\/wp\/v2\/pages\/128\/revisions"}],"predecessor-version":[{"id":160,"href":"https:\/\/enif.ee\/index.php?rest_route=\/wp\/v2\/pages\/128\/revisions\/160"}],"up":[{"embeddable":true,"href":"https:\/\/enif.ee\/index.php?rest_route=\/wp\/v2\/pages\/181"}],"wp:attachment":[{"href":"https:\/\/enif.ee\/index.php?rest_route=%2Fwp%2Fv2%2Fmedia&parent=128"}],"curies":[{"name":"wp","href":"https:\/\/api.w.org\/{rel}","templated":true}]}}